{"id":723,"date":"2025-06-04T09:16:00","date_gmt":"2025-06-04T07:16:00","guid":{"rendered":"https:\/\/tavernadelavansa.com\/trabaja-con-nosotros\/"},"modified":"2025-06-04T09:31:40","modified_gmt":"2025-06-04T07:31:40","slug":"trabaja-con-nosotros","status":"publish","type":"page","link":"https:\/\/tavernadelavansa.com\/es\/trabaja-con-nosotros\/","title":{"rendered":"Trabaja con nosotros"},"content":{"rendered":"\n<style type=\"text\/css\" data-created_by=\"avia_inline_auto\" id=\"style-css-av-mago0d4q-d23ed756b74340b166a7ee220dffca15\">\n.avia-section.av-mago0d4q-d23ed756b74340b166a7ee220dffca15{\nbackground-repeat:no-repeat;\nbackground-image:url(https:\/\/tavernadelavansa.com\/wp-content\/uploads\/2025\/05\/menjars-grups-taverna-lavansa-1-scaled.jpg);\nbackground-position:50% 50%;\nbackground-attachment:fixed;\n}\n.avia-section.av-mago0d4q-d23ed756b74340b166a7ee220dffca15 .av-section-color-overlay{\nopacity:0.5;\nbackground-color:#0a0a0a;\n}\n<\/style>\n<div id='av_section_1'  class='avia-section av-mago0d4q-d23ed756b74340b166a7ee220dffca15 main_color avia-section-default avia-no-border-styling  avia-builder-el-0  el_before_av_section  avia-builder-el-first  avia-full-stretch avia-bg-style-fixed av-section-color-overlay-active av-minimum-height av-minimum-height-66 av-height-percent  container_wrap fullsize'  data-section-bg-repeat='stretch' data-av_minimum_height_pc='66' data-av_min_height_opt='percent'><div class=\"av-section-color-overlay-wrap\"><div class=\"av-section-color-overlay\"><\/div><div class='container av-section-cont-open' ><main  role=\"main\" itemprop=\"mainContentOfPage\"  class='template-page content  av-content-full alpha units'><div class='post-entry post-entry-type-page post-entry-723'><div class='entry-content-wrapper clearfix'>\n<section  class='av_textblock_section av-b0ylm-611ac54d249a0bf0fcf89c957e24459a '   itemscope=\"itemscope\" itemtype=\"https:\/\/schema.org\/CreativeWork\" ><div class='avia_textblock'  itemprop=\"text\" ><p style=\"text-align: center;\"><span class=\"breadcrumb-page-title\">Trabaja con nosotros<\/span><br \/>\n<div class=\"breadcrumb breadcrumbs avia-breadcrumbs\"><div class=\"breadcrumb-trail\" ><span class=\"trail-before\"><span class=\"breadcrumb-title\">Usted est\u00e1 aqu\u00ed:<\/span><\/span> <span  itemscope=\"itemscope\" itemtype=\"https:\/\/schema.org\/BreadcrumbList\" ><span  itemscope=\"itemscope\" itemtype=\"https:\/\/schema.org\/ListItem\" itemprop=\"itemListElement\" ><a itemprop=\"url\" href=\"https:\/\/tavernadelavansa.com\/es\/\" title=\"Tavernadelavansa\" rel=\"home\" class=\"trail-begin\"><span itemprop=\"name\">Inicio<\/span><\/a><span itemprop=\"position\" class=\"hidden\">1<\/span><\/span><\/span><\/div><\/div><\/p>\n<\/div><\/section>\n\n<\/div><\/div><\/main><!-- close content main element --><\/div><\/div><\/div><div id='av_section_2'  class='avia-section av-mlube-258cb723ed5ac350571249a07d49e5b8 main_color avia-section-default avia-no-border-styling  avia-builder-el-2  el_after_av_section  el_before_av_one_full  avia-bg-style-scroll container_wrap fullsize'  ><div class='container av-section-cont-open' ><div class='template-page content  av-content-full alpha units'><div class='post-entry post-entry-type-page post-entry-723'><div class='entry-content-wrapper clearfix'>\n\n<style type=\"text\/css\" data-created_by=\"avia_inline_auto\" id=\"style-css-av-magmi2kz-e4a2252096fed51dee6aa01880b1d08f\">\n#top .av-special-heading.av-magmi2kz-e4a2252096fed51dee6aa01880b1d08f{\npadding-bottom:10px;\n}\nbody .av-special-heading.av-magmi2kz-e4a2252096fed51dee6aa01880b1d08f .av-special-heading-tag .heading-char{\nfont-size:25px;\n}\n.av-special-heading.av-magmi2kz-e4a2252096fed51dee6aa01880b1d08f .av-subheading{\nfont-size:15px;\n}\n<\/style>\n<div  class='av-special-heading av-magmi2kz-e4a2252096fed51dee6aa01880b1d08f av-special-heading-h1 blockquote modern-quote  avia-builder-el-3  el_before_av_hr  avia-builder-el-first '><div class='av-subheading av-subheading_above'><p>Espacio Lavansa<\/p>\n<\/div><h1 class='av-special-heading-tag '  itemprop=\"headline\"  >\u00a1\u00danete a nuestro equipo y vive la cocina con pasi\u00f3n!<\/h1><div class=\"special-heading-border\"><div class=\"special-heading-inner-border\"><\/div><\/div><\/div>\n\n<style type=\"text\/css\" data-created_by=\"avia_inline_auto\" id=\"style-css-av-magmio02-009c57baa320f538efcddc9829cf69b2\">\n#top .hr.hr-invisible.av-magmio02-009c57baa320f538efcddc9829cf69b2{\nheight:50px;\n}\n<\/style>\n<div  class='hr av-magmio02-009c57baa320f538efcddc9829cf69b2 hr-invisible  avia-builder-el-4  el_after_av_heading  el_before_av_two_third '><span class='hr-inner '><span class=\"hr-inner-style\"><\/span><\/span><\/div>\n<div  class='flex_column av-h94te-55aef5c45d2d95c129767af64286cbc4 av_two_third  avia-builder-el-5  el_after_av_hr  el_before_av_one_third  first flex_column_div  '     ><section  class='av_textblock_section av-magmbv07-8103ae8d6264414cdaeb01442d2cd941 '   itemscope=\"itemscope\" itemtype=\"https:\/\/schema.org\/CreativeWork\" ><div class='avia_textblock'  itemprop=\"text\" ><p><span style=\"font-weight: 400;\">\u00bfQuieres formar parte de nuestro equipo? Si tienes pasi\u00f3n por la cocina, la naturaleza y el trato cercano, \u00a1nos gustar\u00eda conocerte! <\/span><\/p>\n<p><span style=\"font-weight: 400;\">Contacta con nosotros por correo electr\u00f3nico y cu\u00e9ntanos tu historia. \u00a1Quiz\u00e1s eres la persona que estamos buscando! <\/span><\/p>\n<\/div><\/section><\/div><div  class='flex_column av-pu51m-ba1d5972b67dc4dc3d8e3d7a8f280b46 av_one_third  avia-builder-el-7  el_after_av_two_third  avia-builder-el-last  flex_column_div  '     ><p>\n<style type=\"text\/css\" data-created_by=\"avia_inline_auto\" id=\"style-css-av-ksn3e-686cdffb448aad3b9086f3bb2154e2ba\">\n.av_font_icon.av-ksn3e-686cdffb448aad3b9086f3bb2154e2ba .av-icon-char{\nfont-size:60px;\n}\n<\/style>\n<span  class='av_font_icon av-ksn3e-686cdffb448aad3b9086f3bb2154e2ba avia_animate_when_visible av-icon-style- avia-icon-pos-center avia-svg-icon avia-font-svg_entypo-fontello av-no-color avia-icon-animate'><span class='av-icon-char' data-av_svg_icon='mail' data-av_iconset='svg_entypo-fontello' ><svg version=\"1.1\" xmlns=\"http:\/\/www.w3.org\/2000\/svg\" width=\"29\" height=\"32\" viewBox=\"0 0 29 32\" preserveAspectRatio=\"xMidYMid meet\" aria-labelledby='av-svg-title-1' aria-describedby='av-svg-desc-1' role=\"graphics-symbol\" aria-hidden=\"true\">\n<title id='av-svg-title-1'>Mail<\/title>\n<desc id='av-svg-desc-1'>Mail<\/desc>\n<path d=\"M0.96 8.448q-1.024-0.576-0.896-1.28 0.064-0.448 0.832-0.448h27.072q1.216 0 0.64 1.024-0.256 0.448-0.768 0.704-0.448 0.192-6.144 3.264t-5.824 3.136q-0.512 0.32-1.472 0.32-0.896 0-1.472-0.32-0.128-0.064-5.824-3.136t-6.144-3.264zM28.16 11.648q0.64-0.32 0.64 0.32v11.776q0 0.512-0.544 1.024t-1.056 0.512h-25.6q-0.512 0-1.056-0.512t-0.544-1.024v-11.776q0-0.64 0.64-0.32l12.288 6.4q0.576 0.32 1.472 0.32t1.472-0.32z\"><\/path>\n<\/svg><\/span><\/span><br \/>\n\n<style type=\"text\/css\" data-created_by=\"avia_inline_auto\" id=\"style-css-av-go99u-c2f4f127a563a5f99c3158bf6ebe359c\">\n#top .av-special-heading.av-go99u-c2f4f127a563a5f99c3158bf6ebe359c{\npadding-bottom:10px;\n}\nbody .av-special-heading.av-go99u-c2f4f127a563a5f99c3158bf6ebe359c .av-special-heading-tag .heading-char{\nfont-size:25px;\n}\n.av-special-heading.av-go99u-c2f4f127a563a5f99c3158bf6ebe359c .av-subheading{\nfont-size:15px;\n}\n<\/style>\n<div  class='av-special-heading av-go99u-c2f4f127a563a5f99c3158bf6ebe359c av-special-heading-h3 blockquote modern-quote modern-centered  avia-builder-el-9  el_after_av_font_icon  el_before_av_textblock '><h3 class='av-special-heading-tag '  itemprop=\"headline\"  >Email<\/h3><div class=\"special-heading-border\"><div class=\"special-heading-inner-border\"><\/div><\/div><\/div><br \/>\n<section  class='av_textblock_section av-7791e-a0b0d77a9b9d5aa48d89f18fa491e215 '   itemscope=\"itemscope\" itemtype=\"https:\/\/schema.org\/CreativeWork\" ><div class='avia_textblock'  itemprop=\"text\" ><p style=\"text-align: center;\"><a class=\"c-link\" href=\"mailto:info@espailavansa.com\" target=\"_blank\" rel=\"noopener noreferrer\" data-stringify-link=\"mailto:info@espailavansa.com\" data-sk=\"tooltip_parent\" aria-haspopup=\"menu\">info@espailavansa.com<\/a><\/p>\n<\/div><\/section><\/p><\/div><\/div><\/div><\/div><!-- close content main div --><\/div><\/div><div id='after_section_2'  class='main_color av_default_container_wrap container_wrap fullsize'  ><div class='container av-section-cont-open' ><div class='template-page content  av-content-full alpha units'><div class='post-entry post-entry-type-page post-entry-723'><div class='entry-content-wrapper clearfix'><div  class='flex_column av-axlgi-166466faf75664cd9db5a17c469cf3ca av_one_full  avia-builder-el-11  el_after_av_section  avia-builder-el-no-sibling  first flex_column_div  '     ><div id='av-masonry-1' class='av-masonry av-makvoovn-590073a52db543e20425562d3fbebb16 noHover av-fixed-size av-large-gap av-hover-overlay-active av-masonry-animation-active av-masonry-col-4 av-caption-always av-caption-style- av-masonry-gallery ' data-post_id=\"723\"><div class=\"av-masonry-container isotope av-js-disabled\"><div class='av-masonry-entry isotope-item av-masonry-item-no-image '><\/div><a href=\"https:\/\/tavernadelavansa.com\/wp-content\/uploads\/2025\/05\/tarverna-lavansa-cremabolets-1030x674.jpg\" data-srcset=\"https:\/\/tavernadelavansa.com\/wp-content\/uploads\/2025\/05\/tarverna-lavansa-cremabolets-1030x674.jpg 1030w, https:\/\/tavernadelavansa.com\/wp-content\/uploads\/2025\/05\/tarverna-lavansa-cremabolets-300x196.jpg 300w, https:\/\/tavernadelavansa.com\/wp-content\/uploads\/2025\/05\/tarverna-lavansa-cremabolets-768x503.jpg 768w, https:\/\/tavernadelavansa.com\/wp-content\/uploads\/2025\/05\/tarverna-lavansa-cremabolets-1536x1006.jpg 1536w, https:\/\/tavernadelavansa.com\/wp-content\/uploads\/2025\/05\/tarverna-lavansa-cremabolets-2048x1341.jpg 2048w, https:\/\/tavernadelavansa.com\/wp-content\/uploads\/2025\/05\/tarverna-lavansa-cremabolets-1500x982.jpg 1500w, https:\/\/tavernadelavansa.com\/wp-content\/uploads\/2025\/05\/tarverna-lavansa-cremabolets-705x462.jpg 705w\" data-sizes=\"(max-width: 1030px) 100vw, 1030px\"  aria-label=\"image tarverna-lavansa-cremabolets\"  id='av-masonry-1-item-772' data-av-masonry-item='772' class='av-masonry-entry isotope-item post-772 attachment type-attachment status-inherit hentry  av-masonry-item-with-image' title=\"tarverna-lavansa-cremabolets\" alt=\"\"    itemprop=\"thumbnailUrl\" ><div class='av-inner-masonry-sizer'><\/div><figure class='av-inner-masonry main_color'><div class=\"av-masonry-outerimage-container\"><div class='av-masonry-image-container' style=\"background-image: url(https:\/\/tavernadelavansa.com\/wp-content\/uploads\/2025\/05\/tarverna-lavansa-cremabolets-705x462.jpg);\"  title=\"tarverna-lavansa-cremabolets\" ><\/div><\/div><\/figure><\/a><!--end av-masonry entry--><a href=\"https:\/\/tavernadelavansa.com\/wp-content\/uploads\/2025\/05\/tarverna-lavansa-amanidatomaquet2-1030x687.jpg\" data-srcset=\"https:\/\/tavernadelavansa.com\/wp-content\/uploads\/2025\/05\/tarverna-lavansa-amanidatomaquet2-1030x687.jpg 1030w, https:\/\/tavernadelavansa.com\/wp-content\/uploads\/2025\/05\/tarverna-lavansa-amanidatomaquet2-300x200.jpg 300w, https:\/\/tavernadelavansa.com\/wp-content\/uploads\/2025\/05\/tarverna-lavansa-amanidatomaquet2-768x512.jpg 768w, https:\/\/tavernadelavansa.com\/wp-content\/uploads\/2025\/05\/tarverna-lavansa-amanidatomaquet2-1536x1025.jpg 1536w, https:\/\/tavernadelavansa.com\/wp-content\/uploads\/2025\/05\/tarverna-lavansa-amanidatomaquet2-2048x1366.jpg 2048w, https:\/\/tavernadelavansa.com\/wp-content\/uploads\/2025\/05\/tarverna-lavansa-amanidatomaquet2-1500x1001.jpg 1500w, https:\/\/tavernadelavansa.com\/wp-content\/uploads\/2025\/05\/tarverna-lavansa-amanidatomaquet2-705x470.jpg 705w\" data-sizes=\"(max-width: 1030px) 100vw, 1030px\"  aria-label=\"image tarverna-lavansa-amanidatomaquet2\"  id='av-masonry-1-item-764' data-av-masonry-item='764' class='av-masonry-entry isotope-item post-764 attachment type-attachment status-inherit hentry  av-masonry-item-with-image' title=\"tarverna-lavansa-amanidatomaquet2\" alt=\"\"    itemprop=\"thumbnailUrl\" ><div class='av-inner-masonry-sizer'><\/div><figure class='av-inner-masonry main_color'><div class=\"av-masonry-outerimage-container\"><div class='av-masonry-image-container' style=\"background-image: url(https:\/\/tavernadelavansa.com\/wp-content\/uploads\/2025\/05\/tarverna-lavansa-amanidatomaquet2-705x470.jpg);\"  title=\"tarverna-lavansa-amanidatomaquet2\" ><\/div><\/div><\/figure><\/a><!--end av-masonry entry--><a href=\"https:\/\/tavernadelavansa.com\/wp-content\/uploads\/2025\/05\/tarverna-lavansa-lagarto-1030x687.jpg\" data-srcset=\"https:\/\/tavernadelavansa.com\/wp-content\/uploads\/2025\/05\/tarverna-lavansa-lagarto-1030x687.jpg 1030w, https:\/\/tavernadelavansa.com\/wp-content\/uploads\/2025\/05\/tarverna-lavansa-lagarto-300x200.jpg 300w, https:\/\/tavernadelavansa.com\/wp-content\/uploads\/2025\/05\/tarverna-lavansa-lagarto-768x512.jpg 768w, https:\/\/tavernadelavansa.com\/wp-content\/uploads\/2025\/05\/tarverna-lavansa-lagarto-1536x1025.jpg 1536w, https:\/\/tavernadelavansa.com\/wp-content\/uploads\/2025\/05\/tarverna-lavansa-lagarto-2048x1367.jpg 2048w, https:\/\/tavernadelavansa.com\/wp-content\/uploads\/2025\/05\/tarverna-lavansa-lagarto-1500x1001.jpg 1500w, https:\/\/tavernadelavansa.com\/wp-content\/uploads\/2025\/05\/tarverna-lavansa-lagarto-705x470.jpg 705w\" data-sizes=\"(max-width: 1030px) 100vw, 1030px\"  aria-label=\"image tarverna-lavansa-lagarto\"  id='av-masonry-1-item-756' data-av-masonry-item='756' class='av-masonry-entry isotope-item post-756 attachment type-attachment status-inherit hentry  av-masonry-item-with-image' title=\"tarverna-lavansa-lagarto\" alt=\"\"    itemprop=\"thumbnailUrl\" ><div class='av-inner-masonry-sizer'><\/div><figure class='av-inner-masonry main_color'><div class=\"av-masonry-outerimage-container\"><div class='av-masonry-image-container' style=\"background-image: url(https:\/\/tavernadelavansa.com\/wp-content\/uploads\/2025\/05\/tarverna-lavansa-lagarto-705x470.jpg);\"  title=\"tarverna-lavansa-lagarto\" ><\/div><\/div><\/figure><\/a><!--end av-masonry entry--><a href=\"https:\/\/tavernadelavansa.com\/wp-content\/uploads\/2025\/05\/tarverna-lavansa-amanida-1030x687.jpg\" data-srcset=\"https:\/\/tavernadelavansa.com\/wp-content\/uploads\/2025\/05\/tarverna-lavansa-amanida-1030x687.jpg 1030w, https:\/\/tavernadelavansa.com\/wp-content\/uploads\/2025\/05\/tarverna-lavansa-amanida-300x200.jpg 300w, https:\/\/tavernadelavansa.com\/wp-content\/uploads\/2025\/05\/tarverna-lavansa-amanida-768x512.jpg 768w, https:\/\/tavernadelavansa.com\/wp-content\/uploads\/2025\/05\/tarverna-lavansa-amanida-1536x1024.jpg 1536w, https:\/\/tavernadelavansa.com\/wp-content\/uploads\/2025\/05\/tarverna-lavansa-amanida-2048x1365.jpg 2048w, https:\/\/tavernadelavansa.com\/wp-content\/uploads\/2025\/05\/tarverna-lavansa-amanida-1500x1000.jpg 1500w, https:\/\/tavernadelavansa.com\/wp-content\/uploads\/2025\/05\/tarverna-lavansa-amanida-705x470.jpg 705w\" data-sizes=\"(max-width: 1030px) 100vw, 1030px\"  aria-label=\"image tarverna-lavansa-amanida\"  id='av-masonry-1-item-762' data-av-masonry-item='762' class='av-masonry-entry isotope-item post-762 attachment type-attachment status-inherit hentry  av-masonry-item-with-image' title=\"tarverna-lavansa-amanida\" alt=\"\"    itemprop=\"thumbnailUrl\" ><div class='av-inner-masonry-sizer'><\/div><figure class='av-inner-masonry main_color'><div class=\"av-masonry-outerimage-container\"><div class='av-masonry-image-container' style=\"background-image: url(https:\/\/tavernadelavansa.com\/wp-content\/uploads\/2025\/05\/tarverna-lavansa-amanida-705x470.jpg);\"  title=\"tarverna-lavansa-amanida\" ><\/div><\/div><\/figure><\/a><!--end av-masonry entry--><\/div><\/div><\/div><\/p>\n","protected":false},"excerpt":{"rendered":"","protected":false},"author":3,"featured_media":0,"parent":0,"menu_order":0,"comment_status":"closed","ping_status":"closed","template":"","meta":{"footnotes":""},"class_list":["post-723","page","type-page","status-publish","hentry"],"yoast_head":"<!-- This site is optimized with the Yoast SEO plugin v27.3 - https:\/\/yoast.com\/product\/yoast-seo-wordpress\/ -->\n<title>\u00danete a nuestro restaurante rural<\/title>\n<meta name=\"description\" content=\"Forma parte de un restaurante rural familiar y vive una experiencia \u00fanica entre monta\u00f1as y gastronom\u00eda\" \/>\n<meta name=\"robots\" content=\"index, follow, max-snippet:-1, max-image-preview:large, max-video-preview:-1\" \/>\n<link rel=\"canonical\" href=\"https:\/\/tavernadelavansa.com\/es\/trabaja-con-nosotros\/\" \/>\n<meta property=\"og:locale\" content=\"es_ES\" \/>\n<meta property=\"og:type\" content=\"article\" \/>\n<meta property=\"og:title\" content=\"\u00danete a nuestro restaurante rural\" \/>\n<meta property=\"og:description\" content=\"Forma parte de un restaurante rural familiar y vive una experiencia \u00fanica entre monta\u00f1as y gastronom\u00eda\" \/>\n<meta property=\"og:url\" content=\"https:\/\/tavernadelavansa.com\/es\/trabaja-con-nosotros\/\" \/>\n<meta property=\"og:site_name\" content=\"Tavernadelavansa\" \/>\n<meta property=\"article:modified_time\" content=\"2025-06-04T07:31:40+00:00\" \/>\n<meta name=\"twitter:card\" content=\"summary_large_image\" \/>\n<meta name=\"twitter:label1\" content=\"Tiempo de lectura\" \/>\n\t<meta name=\"twitter:data1\" content=\"1 minuto\" \/>\n<script type=\"application\/ld+json\" class=\"yoast-schema-graph\">{\"@context\":\"https:\\\/\\\/schema.org\",\"@graph\":[{\"@type\":\"WebPage\",\"@id\":\"https:\\\/\\\/tavernadelavansa.com\\\/es\\\/trabaja-con-nosotros\\\/\",\"url\":\"https:\\\/\\\/tavernadelavansa.com\\\/es\\\/trabaja-con-nosotros\\\/\",\"name\":\"\u00danete a nuestro restaurante rural\",\"isPartOf\":{\"@id\":\"https:\\\/\\\/tavernadelavansa.com\\\/#website\"},\"datePublished\":\"2025-06-04T07:16:00+00:00\",\"dateModified\":\"2025-06-04T07:31:40+00:00\",\"description\":\"Forma parte de un restaurante rural familiar y vive una experiencia \u00fanica entre monta\u00f1as y gastronom\u00eda\",\"breadcrumb\":{\"@id\":\"https:\\\/\\\/tavernadelavansa.com\\\/es\\\/trabaja-con-nosotros\\\/#breadcrumb\"},\"inLanguage\":\"es\",\"potentialAction\":[{\"@type\":\"ReadAction\",\"target\":[\"https:\\\/\\\/tavernadelavansa.com\\\/es\\\/trabaja-con-nosotros\\\/\"]}]},{\"@type\":\"BreadcrumbList\",\"@id\":\"https:\\\/\\\/tavernadelavansa.com\\\/es\\\/trabaja-con-nosotros\\\/#breadcrumb\",\"itemListElement\":[{\"@type\":\"ListItem\",\"position\":1,\"name\":\"Inici\",\"item\":\"https:\\\/\\\/tavernadelavansa.com\\\/es\\\/inicio\\\/\"},{\"@type\":\"ListItem\",\"position\":2,\"name\":\"Trabaja con nosotros\"}]},{\"@type\":\"WebSite\",\"@id\":\"https:\\\/\\\/tavernadelavansa.com\\\/#website\",\"url\":\"https:\\\/\\\/tavernadelavansa.com\\\/\",\"name\":\"Tavernadelavansa\",\"description\":\"\",\"potentialAction\":[{\"@type\":\"SearchAction\",\"target\":{\"@type\":\"EntryPoint\",\"urlTemplate\":\"https:\\\/\\\/tavernadelavansa.com\\\/?s={search_term_string}\"},\"query-input\":{\"@type\":\"PropertyValueSpecification\",\"valueRequired\":true,\"valueName\":\"search_term_string\"}}],\"inLanguage\":\"es\"}]}<\/script>\n<!-- \/ Yoast SEO plugin. -->","yoast_head_json":{"title":"\u00danete a nuestro restaurante rural","description":"Forma parte de un restaurante rural familiar y vive una experiencia \u00fanica entre monta\u00f1as y gastronom\u00eda","robots":{"index":"index","follow":"follow","max-snippet":"max-snippet:-1","max-image-preview":"max-image-preview:large","max-video-preview":"max-video-preview:-1"},"canonical":"https:\/\/tavernadelavansa.com\/es\/trabaja-con-nosotros\/","og_locale":"es_ES","og_type":"article","og_title":"\u00danete a nuestro restaurante rural","og_description":"Forma parte de un restaurante rural familiar y vive una experiencia \u00fanica entre monta\u00f1as y gastronom\u00eda","og_url":"https:\/\/tavernadelavansa.com\/es\/trabaja-con-nosotros\/","og_site_name":"Tavernadelavansa","article_modified_time":"2025-06-04T07:31:40+00:00","twitter_card":"summary_large_image","twitter_misc":{"Tiempo de lectura":"1 minuto"},"schema":{"@context":"https:\/\/schema.org","@graph":[{"@type":"WebPage","@id":"https:\/\/tavernadelavansa.com\/es\/trabaja-con-nosotros\/","url":"https:\/\/tavernadelavansa.com\/es\/trabaja-con-nosotros\/","name":"\u00danete a nuestro restaurante rural","isPartOf":{"@id":"https:\/\/tavernadelavansa.com\/#website"},"datePublished":"2025-06-04T07:16:00+00:00","dateModified":"2025-06-04T07:31:40+00:00","description":"Forma parte de un restaurante rural familiar y vive una experiencia \u00fanica entre monta\u00f1as y gastronom\u00eda","breadcrumb":{"@id":"https:\/\/tavernadelavansa.com\/es\/trabaja-con-nosotros\/#breadcrumb"},"inLanguage":"es","potentialAction":[{"@type":"ReadAction","target":["https:\/\/tavernadelavansa.com\/es\/trabaja-con-nosotros\/"]}]},{"@type":"BreadcrumbList","@id":"https:\/\/tavernadelavansa.com\/es\/trabaja-con-nosotros\/#breadcrumb","itemListElement":[{"@type":"ListItem","position":1,"name":"Inici","item":"https:\/\/tavernadelavansa.com\/es\/inicio\/"},{"@type":"ListItem","position":2,"name":"Trabaja con nosotros"}]},{"@type":"WebSite","@id":"https:\/\/tavernadelavansa.com\/#website","url":"https:\/\/tavernadelavansa.com\/","name":"Tavernadelavansa","description":"","potentialAction":[{"@type":"SearchAction","target":{"@type":"EntryPoint","urlTemplate":"https:\/\/tavernadelavansa.com\/?s={search_term_string}"},"query-input":{"@type":"PropertyValueSpecification","valueRequired":true,"valueName":"search_term_string"}}],"inLanguage":"es"}]}},"_links":{"self":[{"href":"https:\/\/tavernadelavansa.com\/es\/wp-json\/wp\/v2\/pages\/723","targetHints":{"allow":["GET"]}}],"collection":[{"href":"https:\/\/tavernadelavansa.com\/es\/wp-json\/wp\/v2\/pages"}],"about":[{"href":"https:\/\/tavernadelavansa.com\/es\/wp-json\/wp\/v2\/types\/page"}],"author":[{"embeddable":true,"href":"https:\/\/tavernadelavansa.com\/es\/wp-json\/wp\/v2\/users\/3"}],"replies":[{"embeddable":true,"href":"https:\/\/tavernadelavansa.com\/es\/wp-json\/wp\/v2\/comments?post=723"}],"version-history":[{"count":2,"href":"https:\/\/tavernadelavansa.com\/es\/wp-json\/wp\/v2\/pages\/723\/revisions"}],"predecessor-version":[{"id":740,"href":"https:\/\/tavernadelavansa.com\/es\/wp-json\/wp\/v2\/pages\/723\/revisions\/740"}],"wp:attachment":[{"href":"https:\/\/tavernadelavansa.com\/es\/wp-json\/wp\/v2\/media?parent=723"}],"curies":[{"name":"wp","href":"https:\/\/api.w.org\/{rel}","templated":true}]}}